{"id":3340,"date":"2023-11-24T16:11:08","date_gmt":"2023-11-24T16:11:08","guid":{"rendered":"https:\/\/bodeguerosquintaesencia.com\/?page_id=3340"},"modified":"2024-01-16T20:53:53","modified_gmt":"2024-01-16T20:53:53","slug":"legal-notice","status":"publish","type":"page","link":"https:\/\/bodeguerosquintaesencia.com\/jp\/legal-notice\/","title":{"rendered":"Legal notice"},"content":{"rendered":"<p>Bodegueros Quinta Esencia S.L., con CIF B47590468 y domicilio en C\/Eras n\u00ba 37. 47520 Castronu\u00f1o (Valladolid), Espa\u00f1a es titular de este sitio web.<\/p>\n<p>La navegaci\u00f3n por este sitio web se sujetar\u00e1 a las condiciones recogidas en la presente \u201cNota legal\u201d, las cuales podr\u00e1n ser actualizadas peri\u00f3dicamente y sin previo aviso.<\/p>\n<p>La navegaci\u00f3n por el sitio web implica la perfecta comprensi\u00f3n y la expresa aceptaci\u00f3n de las mencionadas condiciones por parte del usuario.<br \/>\nDatos de contacto del titular de la web<\/p>\n<p>Este sitio web ha sido creado por Bodegueros Quinta Esencia S.L. para la promoci\u00f3n de sus productos y servicios.<\/p>\n<p>Bodegueros Quinta Esencia S.L.<br \/>\nCIF: B47590468<br \/>\nC\/Eras n\u00ba 37<br \/>\n47520 Castronu\u00f1o (Valladolid), Espa\u00f1a<\/p>\n<p>Actualizaci\u00f3n y modificaci\u00f3n de la p\u00e1gina web<\/p>\n<p>Bodegueros Quinta Esencia S.L. se reserva el derecho a modificar o eliminar, sin previo aviso, tanto la informaci\u00f3n contenida en su sitio web como su configuraci\u00f3n y presentaci\u00f3n, sin asumir responsabilidad alguna por ello.<br \/>\nPropiedad Intelectual<\/p>\n<p>Los contenidos de este sitio web, textos, im\u00e1genes, sonidos, animaciones, etc. as\u00ed como su dise\u00f1o gr\u00e1fico y su c\u00f3digo fuente est\u00e1n protegidos por la legislaci\u00f3n espa\u00f1ola sobre los derechos de propiedad intelectual e industrial a favor de Bodegueros Quinta Esencia S.L.<\/p>\n<p>Queda por tanto expresamente prohibida su reproducci\u00f3n, distribuci\u00f3n o comunicaci\u00f3n p\u00fablica, total o parcial, sin la autorizaci\u00f3n expresa, y por escrito, de Bodegueros Quinta Esencia S.L.<br \/>\nContenido de la web y enlaces<\/p>\n<p>Bodegueros Quinta Esencia S.L. no ser\u00e1 responsable de los da\u00f1os o perjuicios que pudieran derivarse de la utilizaci\u00f3n de los contenidos por parte de los usuarios o de la infracci\u00f3n por parte de \u00e9stos de cualquier disposici\u00f3n legal vigente.<\/p>\n<p>Tampoco asumimos ninguna responsabilidad por la informaci\u00f3n contenida en las p\u00e1ginas web de terceros a las que se pueda acceder por enlaces o buscadores desde este sitio web.<br \/>\nIndicaciones sobre aspectos t\u00e9cnicos<\/p>\n<p>Bodegueros Quinta Esencia S.L. no asume ninguna responsabilidad que se pueda derivar de problemas t\u00e9cnicos o fallos en los equipos inform\u00e1ticos que se produzcan durante la conexi\u00f3n a la red de Internet, as\u00ed como de da\u00f1os que pudieran ser causados por terceras personas mediante intromisiones ileg\u00edtimas fuera del control de Bodegueros Quinta Esencia S.L.<\/p>\n<p>Tambi\u00e9n quedamos exonerados de toda responsabilidad ante posibles da\u00f1os o perjuicios que pueda sufrir el usuario a consecuencia de errores, defectos u omisiones en la informaci\u00f3n que facilitemos cuando proceda de fuentes ajenas a nosotros.<br \/>\nDatos personales<\/p>\n<p>Para acceder a algunos servicios del sitio web, es necesario proporcionar algunos datos de car\u00e1cter personal. Dichos datos ser\u00e1n facilitados de forma voluntaria y con su consentimiento expreso, cumpliendo con la ley vigente en materia de protecci\u00f3n de datos personales, y ser\u00e1n tratados exclusivamente para los fines determinados, expl\u00edcitos y leg\u00edtimos indicados en la pol\u00edtica de privacidad, y no ser\u00e1n tratados ulteriormente de manera incompatible con dichos fines.<\/p>\n<p>Le informamos de que puede ejercer sus derechos de acceso, rectificaci\u00f3n, supresi\u00f3n, limitaci\u00f3n, oposici\u00f3n y portabilidad a trav\u00e9s del correo electr\u00f3nico info@bodeguerosquintaesencia.com.<\/p>\n<p>BODEGUEROS QUINTA ESENCIA S.L. ha adoptado los niveles de seguridad adecuados a los datos que se facilitan y, adem\u00e1s, se han instalado todos los medios y medidas t\u00e9cnicas a su alcance para evitar la p\u00e9rdida, mal uso, alteraci\u00f3n, acceso no autorizado y robo de los datos que nos facilitan. El usuario podr\u00e1, en todo momento, ejercitar los derechos reconocidos en la LOPD, de acceso, rectificaci\u00f3n, cancelaci\u00f3n y oposici\u00f3n.<br \/>\nVarios \/ Subvenciones<\/p>\n<p>BODEGUEROS QUINTA ESENCIA S.L. utiliza cookies que se quedar\u00e1n almacenadas en el ordenador. Las cookies son peque\u00f1os archivos que nuestro ordenador env\u00eda al suyo, pero que no nos proporcionan informaci\u00f3n ni sobre su nombre, ni sobre cualquier dato de car\u00e1cter personal suyo. Las cookies que utilizamos no pueden leer datos de su ordenador ni leer las cookies que existan en su ordenador.<br \/>\nCuando el usuario se encuentre navegando por las p\u00e1ginas web de BODEGUEROS QUINTA ESENCIA S.L. el servidor donde se encuentra alojada reconoce autom\u00e1ticamente la direcci\u00f3n IP de su ordenador, el d\u00eda y la hora en la que comienza la visita, en la que abandona la visita, as\u00ed como informaci\u00f3n sobre las distintas secciones consultadas. Es necesario que el servidor conozca estos datos para poder comunicarse y enviarle la petici\u00f3n realizada y que a trav\u00e9s del navegador se pueda ver en la pantalla.<br \/>\nSi usted lo desea puede configurar su navegador de manera que le avise en la pantalla si va a recibir una cookie. El usuario puede configurar su ordenador de manera que no reciba estas cookies, este hecho no impedir\u00e1 que se pueda acceder a la informaci\u00f3n del sitio web de la empresa.<br \/>\nBODEGUEROS QUINTA ESENCIA S.L. podr\u00e1 modificar, sin previo aviso, la informaci\u00f3n contenida en su sitio web, as\u00ed como su configuraci\u00f3n y presentaci\u00f3n.<br \/>\nBODEGUEROS QUINTA ESENCIA S.L. se compromete, a trav\u00e9s de este medio, a NO REALIZAR PUBLICIDAD ENGA\u00d1OSA. A estos efectos, por lo tanto, no ser\u00e1n considerados como publicidad enga\u00f1osa los errores formales o num\u00e9ricos que puedan encontrarse a lo largo del contenido de las distintas secciones de la web de BODEGUEROS QUINTA ESENCIA S.L. producidos como consecuencia de un mantenimiento y\/o actualizaci\u00f3n incompleta o defectuosa de la informaci\u00f3n contenida es estas secciones. BODEGUEROS QUINTA ESENCIA S.L. como consecuencia de lo dispuesto en este apartado, se compromete a corregirlo tan pronto como tenga conocimiento de dichos errores.<br \/>\nBODEGUEROS QUINTA ESENCIA S.L. se compromete a NO REMITIR COMUNICACIONES COMERCIALES SIN IDENTIFICARLAS COMO TALES, conforme a lo dispuesto en la Ley 34\/2002 de Servicios de la Sociedad de la Informaci\u00f3n y de Comercio Electr\u00f3nico. A estos efectos no ser\u00e1 considerado como comunicaci\u00f3n comercial toda la informaci\u00f3n que se env\u00ede A LOS CLIENTES de BODEGUEROS QUINTA ESENCIA S.L. siempre que tenga por finalidad el mantenimiento de la relaci\u00f3n contractual existente entre cliente y nombre de la empresa, as\u00ed como el desempe\u00f1o de las tareas de informaci\u00f3n, formaci\u00f3n y otras actividades propias del servicio que el cliente tiene contratado con la empresa.<br \/>\nBODEGUEROS QUINTA ESENCIA S.L. no se hace responsable del incumplimiento de cualquier norma aplicable en que pueda incurrir el usuario en su acceso al sitio web de la empresa y\/o en el uso de las informaciones contenidas en el mismo<br \/>\nBODEGUEROS QUINTA ESENCIA S.L. no ser\u00e1 responsable de los da\u00f1os y perjuicios producidos o que puedan producirse, cualquiera que sea su naturaleza, que se deriven del uso de la informaci\u00f3n, de las materias contenidas en este website y de los programas que incorpora. Los enlaces (Links) e hipertexto que posibiliten, a trav\u00e9s del sitio web de la empresa, acceder al usuario a prestaciones y servicios ofrecidos por terceros, no pertenecen ni se encuentran bajo el control de BODEGUEROS QUINTA ESENCIA S.L. dicha entidad no se hace responsable ni de la informaci\u00f3n contenida en los mismos ni de cualesquiera efectos que pudieran derivarse de dicha informaci\u00f3n.<br \/>\nBODEGUEROS QUINTA ESENCIA S.L. no se hace responsable del uso ileg\u00edtimo que terceras personas puedan hacer de los nombres de marca, nombres de producto, marcas comerciales que, no siendo propiedad de dicha entidad, aparezcan en la web de la empresa. Tampoco se responsabiliza de la integridad, veracidad y licitud del contenido de los enlaces a las webs a las que pueda accederse desde la web de la empresa.<br \/>\nBODEGUEROS QUINTA ESENCIA S.L. no se responsabiliza de los virus que tengan su origen en una transmisi\u00f3n telem\u00e1tica infiltrados por terceras partes (por ejemplo, los macros de procesadores de texto, los applets de Java y los programas Active X), generados con la finalidad de obtener resultados negativos para un sistema inform\u00e1tico.<br \/>\nEn definitiva, el usuario es el \u00fanico responsable del uso que realice de los servicios, contenidos, enlaces (links) e hipertexto incluidos en el sitio web de la empresa.<\/p>\n","protected":false},"excerpt":{"rendered":"<p>Bodegueros Quinta Esencia S.L., con CIF B47590468 y domicilio en C\/Eras n\u00ba 37. 47520 Castronu\u00f1o (Valladolid),  [&hellip;]<\/p>\n","protected":false},"author":1,"featured_media":0,"parent":0,"menu_order":0,"comment_status":"closed","ping_status":"closed","template":"","meta":{"_acf_changed":false,"_seopress_robots_primary_cat":"","_seopress_titles_title":"","_seopress_titles_desc":"","_seopress_robots_index":"","inline_featured_image":false,"_genesis_hide_title":false,"_genesis_hide_breadcrumbs":false,"_genesis_hide_singular_image":false,"_genesis_hide_footer_widgets":false,"_genesis_custom_body_class":"","_genesis_custom_post_class":"","_genesis_layout":"","footnotes":""},"class_list":{"0":"post-3340","1":"page","2":"type-page","3":"status-publish","5":"entry"},"acf":[],"_links":{"self":[{"href":"https:\/\/bodeguerosquintaesencia.com\/jp\/wp-json\/wp\/v2\/pages\/3340","targetHints":{"allow":["GET"]}}],"collection":[{"href":"https:\/\/bodeguerosquintaesencia.com\/jp\/wp-json\/wp\/v2\/pages"}],"about":[{"href":"https:\/\/bodeguerosquintaesencia.com\/jp\/wp-json\/wp\/v2\/types\/page"}],"author":[{"embeddable":true,"href":"https:\/\/bodeguerosquintaesencia.com\/jp\/wp-json\/wp\/v2\/users\/1"}],"replies":[{"embeddable":true,"href":"https:\/\/bodeguerosquintaesencia.com\/jp\/wp-json\/wp\/v2\/comments?post=3340"}],"version-history":[{"count":0,"href":"https:\/\/bodeguerosquintaesencia.com\/jp\/wp-json\/wp\/v2\/pages\/3340\/revisions"}],"wp:attachment":[{"href":"https:\/\/bodeguerosquintaesencia.com\/jp\/wp-json\/wp\/v2\/media?parent=3340"}],"curies":[{"name":"wp","href":"https:\/\/api.w.org\/{rel}","templated":true}]}}